{"id":1268,"date":"2021-06-10T13:46:25","date_gmt":"2021-06-10T11:46:25","guid":{"rendered":"https:\/\/www.sfoglie.ch\/prodotto\/sfoglie-di-polenta-al-naturale\/"},"modified":"2021-07-05T13:49:47","modified_gmt":"2021-07-05T11:49:47","slug":"feuilles-de-polenta-au-naturel","status":"publish","type":"product","link":"https:\/\/www.sfoglie.ch\/fr\/produit\/feuilles-de-polenta-au-naturel\/","title":{"rendered":"Bo\u00eete avec 8 sachets au naturel"},"content":{"rendered":"<p>Bo\u00eete avec 8 sachets de feuilles de polenta au naturel.<\/p>\n<p>Feuilles de polenta de ma\u00efs, r\u00f4ties et s\u00e9ch\u00e9es<br \/>\nIngr\u00e9dients : eau, farine de ma\u00efs, sel.<br \/>\nPoids net d&rsquo;un sachet : 50g<\/p>\n","protected":false},"excerpt":{"rendered":"<p>Livraison gratuite en Suisse<\/p>\n","protected":false},"featured_media":1269,"comment_status":"open","ping_status":"closed","template":"","meta":[],"product_cat":[59],"product_tag":[],"class_list":["post-1268","product","type-product","status-publish","has-post-thumbnail","hentry","product_cat-feuilles"],"acf":[],"_links":{"self":[{"href":"https:\/\/www.sfoglie.ch\/fr\/wp-json\/wp\/v2\/product\/1268","targetHints":{"allow":["GET"]}}],"collection":[{"href":"https:\/\/www.sfoglie.ch\/fr\/wp-json\/wp\/v2\/product"}],"about":[{"href":"https:\/\/www.sfoglie.ch\/fr\/wp-json\/wp\/v2\/types\/product"}],"replies":[{"embeddable":true,"href":"https:\/\/www.sfoglie.ch\/fr\/wp-json\/wp\/v2\/comments?post=1268"}],"wp:featuredmedia":[{"embeddable":true,"href":"https:\/\/www.sfoglie.ch\/fr\/wp-json\/wp\/v2\/media\/1269"}],"wp:attachment":[{"href":"https:\/\/www.sfoglie.ch\/fr\/wp-json\/wp\/v2\/media?parent=1268"}],"wp:term":[{"taxonomy":"product_cat","embeddable":true,"href":"https:\/\/www.sfoglie.ch\/fr\/wp-json\/wp\/v2\/product_cat?post=1268"},{"taxonomy":"product_tag","embeddable":true,"href":"https:\/\/www.sfoglie.ch\/fr\/wp-json\/wp\/v2\/product_tag?post=1268"}],"curies":[{"name":"wp","href":"https:\/\/api.w.org\/{rel}","templated":true}]}}