{"id":1262,"date":"2021-06-10T13:46:44","date_gmt":"2021-06-10T11:46:44","guid":{"rendered":"https:\/\/www.sfoglie.ch\/prodotto\/sfoglie-di-polenta-al-formaggio\/"},"modified":"2021-07-05T13:49:46","modified_gmt":"2021-07-05T11:49:46","slug":"feuilles-de-polenta-au-fromage","status":"publish","type":"product","link":"https:\/\/www.sfoglie.ch\/fr\/produit\/feuilles-de-polenta-au-fromage\/","title":{"rendered":"Bo\u00eete avec 8 sachets au fromage."},"content":{"rendered":"<p>Bo\u00eete avec 8 sachets de feuilles de polenta au fromage.<\/p>\n<p>Feuilles de polenta de ma\u00efs au fromage, r\u00f4ties et s\u00e9ch\u00e9es<br \/>\nIngr\u00e9dients : eau, farine de ma\u00efs, fromage Piave Vecchio DOP 13.8% (lait de vache, ferments lactiques, pr\u00e9sure, sel), sel.<br \/>\nPoids net d&rsquo;un sachet : 50g<\/p>\n","protected":false},"excerpt":{"rendered":"<p>Livraison gratuite en Suisse<\/p>\n","protected":false},"featured_media":1263,"comment_status":"open","ping_status":"closed","template":"","meta":[],"product_cat":[59],"product_tag":[],"class_list":["post-1262","product","type-product","status-publish","has-post-thumbnail","hentry","product_cat-feuilles"],"acf":[],"_links":{"self":[{"href":"https:\/\/www.sfoglie.ch\/fr\/wp-json\/wp\/v2\/product\/1262","targetHints":{"allow":["GET"]}}],"collection":[{"href":"https:\/\/www.sfoglie.ch\/fr\/wp-json\/wp\/v2\/product"}],"about":[{"href":"https:\/\/www.sfoglie.ch\/fr\/wp-json\/wp\/v2\/types\/product"}],"replies":[{"embeddable":true,"href":"https:\/\/www.sfoglie.ch\/fr\/wp-json\/wp\/v2\/comments?post=1262"}],"wp:featuredmedia":[{"embeddable":true,"href":"https:\/\/www.sfoglie.ch\/fr\/wp-json\/wp\/v2\/media\/1263"}],"wp:attachment":[{"href":"https:\/\/www.sfoglie.ch\/fr\/wp-json\/wp\/v2\/media?parent=1262"}],"wp:term":[{"taxonomy":"product_cat","embeddable":true,"href":"https:\/\/www.sfoglie.ch\/fr\/wp-json\/wp\/v2\/product_cat?post=1262"},{"taxonomy":"product_tag","embeddable":true,"href":"https:\/\/www.sfoglie.ch\/fr\/wp-json\/wp\/v2\/product_tag?post=1262"}],"curies":[{"name":"wp","href":"https:\/\/api.w.org\/{rel}","templated":true}]}}