{"id":1258,"date":"2021-06-10T13:50:49","date_gmt":"2021-06-10T11:50:49","guid":{"rendered":"https:\/\/www.sfoglie.ch\/prodotto\/set-degustazione\/"},"modified":"2021-07-05T13:49:23","modified_gmt":"2021-07-05T11:49:23","slug":"coffret-degustation","status":"publish","type":"product","link":"https:\/\/www.sfoglie.ch\/fr\/produit\/coffret-degustation\/","title":{"rendered":"Coffret de d\u00e9gustation"},"content":{"rendered":"<p>Coffret compos\u00e9 de 1 sachet de feuilles de polenta au naturel et 1 sachet de feuilles de polenta au fromage.<\/p>\n<h2><\/h2>\n<h2>Feuilles de polenta au naturel<\/h2>\n<p>Feuilles de polenta de ma\u00efs, r\u00f4ties et s\u00e9ch\u00e9es<br \/>\nIngr\u00e9dients : eau, farine de ma\u00efs, sel.<br \/>\nPoids net d&rsquo;un sachet : 50g<\/p>\n<p>&nbsp;<\/p>\n<h2>Feuilles de polenta au fromage<\/h2>\n<p>Feuilles de polenta de ma\u00efs au fromage, r\u00f4ties et s\u00e9ch\u00e9es<br \/>\nIngr\u00e9dients : eau, farine de ma\u00efs, fromage Piave Vecchio DOP 13.8% (lait de vache, ferments lactiques, pr\u00e9sure, sel), sel.<br \/>\nPoids net d&rsquo;un sachet : 50g<\/p>\n<p>&nbsp;<\/p>\n","protected":false},"excerpt":{"rendered":"<p>Livraison gratuite en Suisse \u00e0 partir d&rsquo;un total de 8 sachets<\/p>\n","protected":false},"featured_media":1259,"comment_status":"open","ping_status":"closed","template":"","meta":[],"product_cat":[59],"product_tag":[],"class_list":["post-1258","product","type-product","status-publish","has-post-thumbnail","hentry","product_cat-feuilles"],"acf":[],"_links":{"self":[{"href":"https:\/\/www.sfoglie.ch\/fr\/wp-json\/wp\/v2\/product\/1258","targetHints":{"allow":["GET"]}}],"collection":[{"href":"https:\/\/www.sfoglie.ch\/fr\/wp-json\/wp\/v2\/product"}],"about":[{"href":"https:\/\/www.sfoglie.ch\/fr\/wp-json\/wp\/v2\/types\/product"}],"replies":[{"embeddable":true,"href":"https:\/\/www.sfoglie.ch\/fr\/wp-json\/wp\/v2\/comments?post=1258"}],"wp:featuredmedia":[{"embeddable":true,"href":"https:\/\/www.sfoglie.ch\/fr\/wp-json\/wp\/v2\/media\/1259"}],"wp:attachment":[{"href":"https:\/\/www.sfoglie.ch\/fr\/wp-json\/wp\/v2\/media?parent=1258"}],"wp:term":[{"taxonomy":"product_cat","embeddable":true,"href":"https:\/\/www.sfoglie.ch\/fr\/wp-json\/wp\/v2\/product_cat?post=1258"},{"taxonomy":"product_tag","embeddable":true,"href":"https:\/\/www.sfoglie.ch\/fr\/wp-json\/wp\/v2\/product_tag?post=1258"}],"curies":[{"name":"wp","href":"https:\/\/api.w.org\/{rel}","templated":true}]}}