{"id":1250,"date":"2021-06-23T20:45:40","date_gmt":"2021-06-23T18:45:40","guid":{"rendered":"https:\/\/www.sfoglie.ch\/prodotto\/scatola-4-naturali-4-formaggio\/"},"modified":"2021-07-05T13:49:21","modified_gmt":"2021-07-05T11:49:21","slug":"scatola-4-naturali-4-formaggio","status":"publish","type":"product","link":"https:\/\/www.sfoglie.ch\/fr\/produit\/scatola-4-naturali-4-formaggio\/","title":{"rendered":"Bo\u00eete de 4 sachets au naturel et 4 sachets au fromage"},"content":{"rendered":"<p>Bo\u00eete avec 4 sachets de feuilles de polenta au naturel et 4 sachets de feuilles de polenta au fromage.<\/p>\n<h2><\/h2>\n<h2>Feuilles de polenta au naturel<\/h2>\n<p>Feuilles de polenta de ma\u00efs, r\u00f4ties et s\u00e9ch\u00e9es<br \/>\nIngr\u00e9dients : eau, farine de ma\u00efs, sel.<br \/>\nPoids net d&rsquo;un sachet : 50g<\/p>\n<p>&nbsp;<\/p>\n<h2>Feuilles de polenta au fromage<\/h2>\n<p>Feuilles de polenta de ma\u00efs au fromage Piave, r\u00f4ties et s\u00e9ch\u00e9es<br \/>\nIngr\u00e9dients : eau, farine de ma\u00efs, fromage Piave Vecchio DOP 13.8% (lait de vache, ferments lactiques, pr\u00e9sure, sel), sel.<br \/>\nPoids net d&rsquo;un sachet : 50g<\/p>\n","protected":false},"excerpt":{"rendered":"<p>Livraison gratuite en Suisse<\/p>\n","protected":false},"featured_media":1251,"comment_status":"open","ping_status":"closed","template":"","meta":[],"product_cat":[59],"product_tag":[],"class_list":["post-1250","product","type-product","status-publish","has-post-thumbnail","hentry","product_cat-feuilles"],"acf":[],"_links":{"self":[{"href":"https:\/\/www.sfoglie.ch\/fr\/wp-json\/wp\/v2\/product\/1250","targetHints":{"allow":["GET"]}}],"collection":[{"href":"https:\/\/www.sfoglie.ch\/fr\/wp-json\/wp\/v2\/product"}],"about":[{"href":"https:\/\/www.sfoglie.ch\/fr\/wp-json\/wp\/v2\/types\/product"}],"replies":[{"embeddable":true,"href":"https:\/\/www.sfoglie.ch\/fr\/wp-json\/wp\/v2\/comments?post=1250"}],"wp:featuredmedia":[{"embeddable":true,"href":"https:\/\/www.sfoglie.ch\/fr\/wp-json\/wp\/v2\/media\/1251"}],"wp:attachment":[{"href":"https:\/\/www.sfoglie.ch\/fr\/wp-json\/wp\/v2\/media?parent=1250"}],"wp:term":[{"taxonomy":"product_cat","embeddable":true,"href":"https:\/\/www.sfoglie.ch\/fr\/wp-json\/wp\/v2\/product_cat?post=1250"},{"taxonomy":"product_tag","embeddable":true,"href":"https:\/\/www.sfoglie.ch\/fr\/wp-json\/wp\/v2\/product_tag?post=1250"}],"curies":[{"name":"wp","href":"https:\/\/api.w.org\/{rel}","templated":true}]}}