{"id":1234,"date":"2021-04-03T16:31:04","date_gmt":"2021-04-03T14:31:04","guid":{"rendered":"https:\/\/www.sfoglie.ch\/blog\/"},"modified":"2022-11-03T09:51:21","modified_gmt":"2022-11-03T08:51:21","slug":"blog","status":"publish","type":"page","link":"https:\/\/www.sfoglie.ch\/de\/blog\/","title":{"rendered":"Blog"},"content":{"rendered":"\t\t<div data-elementor-type=\"wp-post\" data-elementor-id=\"1234\" class=\"elementor elementor-1234 elementor-14\">\n\t\t\t\t\t\t\t\t\t<section class=\"elementor-section elementor-top-section elementor-element elementor-element-9b084fc elementor-section-boxed elementor-section-height-default elementor-section-height-default\" data-id=\"9b084fc\" data-element_type=\"section\" data-settings=\"{&quot;jet_parallax_layout_list&quot;:[{&quot;jet_parallax_layout_image&quot;:{&quot;url&quot;:&quot;&quot;,&quot;id&quot;:&quot;&quot;,&quot;size&quot;:&quot;&quot;},&quot;_id&quot;:&quot;75a7cd6&quot;,&quot;jet_parallax_layout_image_tablet&quot;:{&quot;url&quot;:&quot;&quot;,&quot;id&quot;:&quot;&quot;,&quot;size&quot;:&quot;&quot;},&quot;jet_parallax_layout_image_mobile&quot;:{&quot;url&quot;:&quot;&quot;,&quot;id&quot;:&quot;&quot;,&quot;size&quot;:&quot;&quot;},&quot;jet_parallax_layout_speed&quot;:{&quot;unit&quot;:&quot;%&quot;,&quot;size&quot;:50,&quot;sizes&quot;:[]},&quot;jet_parallax_layout_type&quot;:&quot;scroll&quot;,&quot;jet_parallax_layout_direction&quot;:null,&quot;jet_parallax_layout_fx_direction&quot;:null,&quot;jet_parallax_layout_z_index&quot;:&quot;&quot;,&quot;jet_parallax_layout_bg_x&quot;:50,&quot;jet_parallax_layout_bg_x_tablet&quot;:&quot;&quot;,&quot;jet_parallax_layout_bg_x_mobile&quot;:&quot;&quot;,&quot;jet_parallax_layout_bg_y&quot;:50,&quot;jet_parallax_layout_bg_y_tablet&quot;:&quot;&quot;,&quot;jet_parallax_layout_bg_y_mobile&quot;:&quot;&quot;,&quot;jet_parallax_layout_bg_size&quot;:&quot;auto&quot;,&quot;jet_parallax_layout_bg_size_tablet&quot;:&quot;&quot;,&quot;jet_parallax_layout_bg_size_mobile&quot;:&quot;&quot;,&quot;jet_parallax_layout_animation_prop&quot;:&quot;transform&quot;,&quot;jet_parallax_layout_on&quot;:[&quot;desktop&quot;,&quot;tablet&quot;]}]}\">\n\t\t\t\t\t\t<div class=\"elementor-container elementor-column-gap-default\">\n\t\t\t\t\t<div class=\"elementor-column elementor-col-100 elementor-top-column elementor-element elementor-element-5987f67\" data-id=\"5987f67\" data-element_type=\"column\">\n\t\t\t<div class=\"elementor-widget-wrap elementor-element-populated\">\n\t\t\t\t\t\t\t\t<div class=\"elementor-element elementor-element-8964c05 elementor-widget elementor-widget-raven-posts\" data-id=\"8964c05\" data-element_type=\"widget\" data-settings=\"{&quot;classic_columns&quot;:&quot;2&quot;,&quot;query_posts_per_page&quot;:12,&quot;classic_show_pagination&quot;:&quot;yes&quot;,&quot;_skin&quot;:&quot;classic&quot;,&quot;classic_layout&quot;:&quot;grid&quot;,&quot;classic_columns_tablet&quot;:&quot;2&quot;,&quot;classic_columns_mobile&quot;:&quot;1&quot;,&quot;classic_pagination_type&quot;:&quot;page_based&quot;,&quot;query_offset&quot;:0}\" data-widget_type=\"raven-posts.classic\">\n\t\t\t\t<div class=\"elementor-widget-container\">\n\t\t\t\t\t<div class=\"raven-posts raven-grid raven-grid-2 raven-grid-mobile-1 raven-grid-tablet-2\" data-post-id=\"1234\" data-archive-query=\"\">\n\t\t\t\t<div class=\"raven-grid-item raven-post-item post-2122 post type-post status-publish format-standard has-post-thumbnail hentry category-news-de\">\n\t\t\t<div class=\"raven-post\">\n\t\t\t\t\t\t<div class=\"raven-post-image-wrap\">\n\t\t\t<a class=\"raven-post-image raven-image-fit\" href=\"https:\/\/www.sfoglie.ch\/de\/san-martino-messe-in-mendrisio-09-12-11-2023\/\"><img loading=\"lazy\" decoding=\"async\" width=\"1024\" height=\"768\" src=\"https:\/\/www.sfoglie.ch\/wp-content\/uploads\/2023\/11\/Fiera-San-Martino-2023-01-1024x768.jpg\" class=\"attachment-large size-large wp-image-2098\" alt=\"\" srcset=\"https:\/\/www.sfoglie.ch\/wp-content\/uploads\/2023\/11\/Fiera-San-Martino-2023-01-1024x768.jpg 1024w, https:\/\/www.sfoglie.ch\/wp-content\/uploads\/2023\/11\/Fiera-San-Martino-2023-01-300x225.jpg 300w, https:\/\/www.sfoglie.ch\/wp-content\/uploads\/2023\/11\/Fiera-San-Martino-2023-01-768x576.jpg 768w, https:\/\/www.sfoglie.ch\/wp-content\/uploads\/2023\/11\/Fiera-San-Martino-2023-01-600x450.jpg 600w, https:\/\/www.sfoglie.ch\/wp-content\/uploads\/2023\/11\/Fiera-San-Martino-2023-01.jpg 1134w\" sizes=\"auto, (max-width: 1024px) 100vw, 1024px\" \/> <span class=\"raven-post-image-overlay\"><\/span><\/a>\t\t<\/div>\n\t\t\t\t\t\t<div class=\"raven-post-content\">\n\t\t\t\t\t<h2 class=\"raven-post-title\"><a class=\"raven-post-title-link\" href=\"https:\/\/www.sfoglie.ch\/de\/san-martino-messe-in-mendrisio-09-12-11-2023\/\">San Martino Messe in Mendrisio &#8211; 09-12.11.2023<\/a><\/h2>\t\t<div class=\"raven-post-excerpt\">Der Besuch der San Martino Messe in Mendrisio ist immer wieder ein spannendes Erlebnis! Dieses Jahr hatten wir das Gl\u00fcck, als Aussteller teilzunehmen und die vielen Besucher die Polenta Chips<\/div>\n\t\t\t\t<div class=\"raven-post-meta\"><a class=\"raven-post-meta-item raven-post-date\" href=\"https:\/\/www.sfoglie.ch\/de\/2023\/11\/\" rel=\"bookmark\">16.11.2023<\/a>\n<span class=\"raven-post-meta-divider\">\/<\/span>\n<span class=\"raven-post-meta-item raven-post-categories\"><a href=\"https:\/\/www.sfoglie.ch\/de\/kategorie\/news-de\/\" rel=\"tag\">News<\/a><\/span><\/div>\n\t\t\t\t<div class=\"raven-post-read-more\">\n\t\t\t<a class=\"raven-post-button\" href=\"https:\/\/www.sfoglie.ch\/de\/san-martino-messe-in-mendrisio-09-12-11-2023\/\"><span class=\"raven-post-button-text\">Leggi<\/span><\/a>\n\t\t<\/div>\n\t\t\t\t\t\t<\/div>\n\t\t\t<\/div>\n\t\t<\/div>\n\t\t\t\t<div class=\"raven-grid-item raven-post-item post-1987 post type-post status-publish format-standard has-post-thumbnail hentry category-news-de\">\n\t\t\t<div class=\"raven-post\">\n\t\t\t\t\t\t<div class=\"raven-post-image-wrap\">\n\t\t\t<a class=\"raven-post-image raven-image-fit\" href=\"https:\/\/www.sfoglie.ch\/de\/mercato-del-gusto-ascona-04-06-2023\/\"><img loading=\"lazy\" decoding=\"async\" width=\"1024\" height=\"768\" src=\"https:\/\/www.sfoglie.ch\/wp-content\/uploads\/2023\/06\/Mercato-del-Gusto-2023-01-1-1024x768.jpg\" class=\"attachment-large size-large wp-image-1981\" alt=\"\" srcset=\"https:\/\/www.sfoglie.ch\/wp-content\/uploads\/2023\/06\/Mercato-del-Gusto-2023-01-1-1024x768.jpg 1024w, https:\/\/www.sfoglie.ch\/wp-content\/uploads\/2023\/06\/Mercato-del-Gusto-2023-01-1-300x225.jpg 300w, https:\/\/www.sfoglie.ch\/wp-content\/uploads\/2023\/06\/Mercato-del-Gusto-2023-01-1-768x576.jpg 768w, https:\/\/www.sfoglie.ch\/wp-content\/uploads\/2023\/06\/Mercato-del-Gusto-2023-01-1-600x450.jpg 600w, https:\/\/www.sfoglie.ch\/wp-content\/uploads\/2023\/06\/Mercato-del-Gusto-2023-01-1.jpg 1134w\" sizes=\"auto, (max-width: 1024px) 100vw, 1024px\" \/> <span class=\"raven-post-image-overlay\"><\/span><\/a>\t\t<\/div>\n\t\t\t\t\t\t<div class=\"raven-post-content\">\n\t\t\t\t\t<h2 class=\"raven-post-title\"><a class=\"raven-post-title-link\" href=\"https:\/\/www.sfoglie.ch\/de\/mercato-del-gusto-ascona-04-06-2023\/\">Mercato del Gusto &#8211; Ascona &#8211; 04.06.2023<\/a><\/h2>\t\t<div class=\"raven-post-excerpt\">Am 4. Juni 2023 haben wir mit Begeisterung am ersten von Terreni alla Maggia organisierten Mercato del Gusto in Ascona teilgenommen. Es war ein Tag der kulinarischen Gen\u00fcsse, an dem<\/div>\n\t\t\t\t<div class=\"raven-post-meta\"><a class=\"raven-post-meta-item raven-post-date\" href=\"https:\/\/www.sfoglie.ch\/de\/2023\/06\/\" rel=\"bookmark\">14.06.2023<\/a>\n<span class=\"raven-post-meta-divider\">\/<\/span>\n<span class=\"raven-post-meta-item raven-post-categories\"><a href=\"https:\/\/www.sfoglie.ch\/de\/kategorie\/news-de\/\" rel=\"tag\">News<\/a><\/span><\/div>\n\t\t\t\t<div class=\"raven-post-read-more\">\n\t\t\t<a class=\"raven-post-button\" href=\"https:\/\/www.sfoglie.ch\/de\/mercato-del-gusto-ascona-04-06-2023\/\"><span class=\"raven-post-button-text\">Leggi<\/span><\/a>\n\t\t<\/div>\n\t\t\t\t\t\t<\/div>\n\t\t\t<\/div>\n\t\t<\/div>\n\t\t\t\t<div class=\"raven-grid-item raven-post-item post-1272 post type-post status-publish format-standard has-post-thumbnail hentry category-news-de\">\n\t\t\t<div class=\"raven-post\">\n\t\t\t\t\t\t<div class=\"raven-post-image-wrap\">\n\t\t\t<a class=\"raven-post-image raven-image-fit\" href=\"https:\/\/www.sfoglie.ch\/de\/die-250g-beutel-fuer-die-gastronomie\/\"><img loading=\"lazy\" decoding=\"async\" width=\"850\" height=\"572\" src=\"https:\/\/www.sfoglie.ch\/wp-content\/uploads\/2021\/06\/Sacchetto-per-la-ristorazione.jpg\" class=\"attachment-large size-large wp-image-1273\" alt=\"\" srcset=\"https:\/\/www.sfoglie.ch\/wp-content\/uploads\/2021\/06\/Sacchetto-per-la-ristorazione.jpg 850w, https:\/\/www.sfoglie.ch\/wp-content\/uploads\/2021\/06\/Sacchetto-per-la-ristorazione-300x202.jpg 300w, https:\/\/www.sfoglie.ch\/wp-content\/uploads\/2021\/06\/Sacchetto-per-la-ristorazione-768x517.jpg 768w, https:\/\/www.sfoglie.ch\/wp-content\/uploads\/2021\/06\/Sacchetto-per-la-ristorazione-600x404.jpg 600w\" sizes=\"auto, (max-width: 850px) 100vw, 850px\" \/> <span class=\"raven-post-image-overlay\"><\/span><\/a>\t\t<\/div>\n\t\t\t\t\t\t<div class=\"raven-post-content\">\n\t\t\t\t\t<h2 class=\"raven-post-title\"><a class=\"raven-post-title-link\" href=\"https:\/\/www.sfoglie.ch\/de\/die-250g-beutel-fuer-die-gastronomie\/\">Die 250g Beutel f\u00fcr die Gastronomie<\/a><\/h2>\t\t<div class=\"raven-post-excerpt\">Die handwerkliche Qualit\u00e4t der Polenta Chips hat mehrere Gastronomen, K\u00f6che und Barkeeper \u00fcberzeugt, die sie nun regelm\u00e4ssig zu ihren Aperitifs und Gerichten oder f\u00fcr ihre Cateringvorschl\u00e4ge verwenden. Die Chips sind<\/div>\n\t\t\t\t<div class=\"raven-post-meta\"><a class=\"raven-post-meta-item raven-post-date\" href=\"https:\/\/www.sfoglie.ch\/de\/2021\/06\/\" rel=\"bookmark\">23.06.2021<\/a>\n<span class=\"raven-post-meta-divider\">\/<\/span>\n<span class=\"raven-post-meta-item raven-post-categories\"><a href=\"https:\/\/www.sfoglie.ch\/de\/kategorie\/news-de\/\" rel=\"tag\">News<\/a><\/span><\/div>\n\t\t\t\t<div class=\"raven-post-read-more\">\n\t\t\t<a class=\"raven-post-button\" href=\"https:\/\/www.sfoglie.ch\/de\/die-250g-beutel-fuer-die-gastronomie\/\"><span class=\"raven-post-button-text\">Leggi<\/span><\/a>\n\t\t<\/div>\n\t\t\t\t\t\t<\/div>\n\t\t\t<\/div>\n\t\t<\/div>\n\t\t\t\t<div class=\"raven-grid-item raven-post-item post-1294 post type-post status-publish format-standard has-post-thumbnail hentry category-news-de\">\n\t\t\t<div class=\"raven-post\">\n\t\t\t\t\t\t<div class=\"raven-post-image-wrap\">\n\t\t\t<a class=\"raven-post-image raven-image-fit\" href=\"https:\/\/www.sfoglie.ch\/de\/ideal-fuer-ihren-aperitif\/\"><img loading=\"lazy\" decoding=\"async\" width=\"850\" height=\"572\" src=\"https:\/\/www.sfoglie.ch\/wp-content\/uploads\/2021\/01\/I-vostri-aperitivi-02.jpg\" class=\"attachment-large size-large wp-image-1295\" alt=\"\" srcset=\"https:\/\/www.sfoglie.ch\/wp-content\/uploads\/2021\/01\/I-vostri-aperitivi-02.jpg 850w, https:\/\/www.sfoglie.ch\/wp-content\/uploads\/2021\/01\/I-vostri-aperitivi-02-300x202.jpg 300w, https:\/\/www.sfoglie.ch\/wp-content\/uploads\/2021\/01\/I-vostri-aperitivi-02-768x517.jpg 768w, https:\/\/www.sfoglie.ch\/wp-content\/uploads\/2021\/01\/I-vostri-aperitivi-02-600x404.jpg 600w\" sizes=\"auto, (max-width: 850px) 100vw, 850px\" \/> <span class=\"raven-post-image-overlay\"><\/span><\/a>\t\t<\/div>\n\t\t\t\t\t\t<div class=\"raven-post-content\">\n\t\t\t\t\t<h2 class=\"raven-post-title\"><a class=\"raven-post-title-link\" href=\"https:\/\/www.sfoglie.ch\/de\/ideal-fuer-ihren-aperitif\/\">Ideal f\u00fcr Ihren Aperitif<\/a><\/h2>\t\t<div class=\"raven-post-excerpt\">Polenta Chips sind ideal, um k\u00f6stliche Snacks zu Ihrem Aperitif zuzubereiten. Nutzen Sie die Chips als knusprige Unterlage f\u00fcr alle Arten von einfachen oder aufwendigen Speisen wie K\u00e4se, Wurstwaren, Fleisch,<\/div>\n\t\t\t\t<div class=\"raven-post-meta\"><a class=\"raven-post-meta-item raven-post-date\" href=\"https:\/\/www.sfoglie.ch\/de\/2021\/01\/\" rel=\"bookmark\">01.01.2021<\/a>\n<span class=\"raven-post-meta-divider\">\/<\/span>\n<span class=\"raven-post-meta-item raven-post-categories\"><a href=\"https:\/\/www.sfoglie.ch\/de\/kategorie\/news-de\/\" rel=\"tag\">News<\/a><\/span><\/div>\n\t\t\t\t<div class=\"raven-post-read-more\">\n\t\t\t<a class=\"raven-post-button\" href=\"https:\/\/www.sfoglie.ch\/de\/ideal-fuer-ihren-aperitif\/\"><span class=\"raven-post-button-text\">Leggi<\/span><\/a>\n\t\t<\/div>\n\t\t\t\t\t\t<\/div>\n\t\t\t<\/div>\n\t\t<\/div>\n\t\t\t\t<div class=\"raven-grid-item raven-post-item post-1298 post type-post status-publish format-standard has-post-thumbnail hentry category-veranstaltungen\">\n\t\t\t<div class=\"raven-post\">\n\t\t\t\t\t\t<div class=\"raven-post-image-wrap\">\n\t\t\t<a class=\"raven-post-image raven-image-fit\" href=\"https:\/\/www.sfoglie.ch\/de\/lugano-citta-del-gusto-2018\/\"><img loading=\"lazy\" decoding=\"async\" width=\"850\" height=\"572\" src=\"https:\/\/www.sfoglie.ch\/wp-content\/uploads\/2018\/09\/Lugano-Citta\u0300-del-gusto.jpg\" class=\"attachment-large size-large wp-image-1299\" alt=\"\" srcset=\"https:\/\/www.sfoglie.ch\/wp-content\/uploads\/2018\/09\/Lugano-Citta\u0300-del-gusto.jpg 850w, https:\/\/www.sfoglie.ch\/wp-content\/uploads\/2018\/09\/Lugano-Citta\u0300-del-gusto-300x202.jpg 300w, https:\/\/www.sfoglie.ch\/wp-content\/uploads\/2018\/09\/Lugano-Citta\u0300-del-gusto-768x517.jpg 768w, https:\/\/www.sfoglie.ch\/wp-content\/uploads\/2018\/09\/Lugano-Citta\u0300-del-gusto-600x404.jpg 600w\" sizes=\"auto, (max-width: 850px) 100vw, 850px\" \/> <span class=\"raven-post-image-overlay\"><\/span><\/a>\t\t<\/div>\n\t\t\t\t\t\t<div class=\"raven-post-content\">\n\t\t\t\t\t<h2 class=\"raven-post-title\"><a class=\"raven-post-title-link\" href=\"https:\/\/www.sfoglie.ch\/de\/lugano-citta-del-gusto-2018\/\">Lugano Citt\u00e0 del gusto 2018<\/a><\/h2>\t\t<div class=\"raven-post-excerpt\">Die Polenta Chips wurden 2018 im Rahmen des gastronomisches Veranstaltung Lugano Citt\u00e0 del gusto vom 13. bis 23. September 2018 erstmals der \u00d6ffentlichkeit pr\u00e4sentiert. Die Neuheit faszinierte sofort das Publikum,<\/div>\n\t\t\t\t<div class=\"raven-post-meta\"><a class=\"raven-post-meta-item raven-post-date\" href=\"https:\/\/www.sfoglie.ch\/de\/2018\/09\/\" rel=\"bookmark\">23.09.2018<\/a>\n<span class=\"raven-post-meta-divider\">\/<\/span>\n<span class=\"raven-post-meta-item raven-post-categories\"><a href=\"https:\/\/www.sfoglie.ch\/de\/kategorie\/veranstaltungen\/\" rel=\"tag\">Veranstaltungen<\/a><\/span><\/div>\n\t\t\t\t<div class=\"raven-post-read-more\">\n\t\t\t<a class=\"raven-post-button\" href=\"https:\/\/www.sfoglie.ch\/de\/lugano-citta-del-gusto-2018\/\"><span class=\"raven-post-button-text\">Leggi<\/span><\/a>\n\t\t<\/div>\n\t\t\t\t\t\t<\/div>\n\t\t\t<\/div>\n\t\t<\/div>\n\t\t\t\t<\/div>\n\t\t\t\t<\/div>\n\t\t\t\t<\/div>\n\t\t\t\t\t<\/div>\n\t\t<\/div>\n\t\t\t\t\t\t\t<\/div>\n\t\t<\/section>\n\t\t\t\t\t\t\t<\/div>\n\t\t","protected":false},"excerpt":{"rendered":"<p>La confezione da 250g per la ristorazione La qualit\u00e0 artigianale delle Sfoglie di polenta ha convinto diversi ristoratori, cuochi e baristi che ora le utilizzano regolarmente per accompagnare i loro aperitivi e piatti o per le loro 23.06.2021 \/ News Leggi Ideali per i vostri aperitivi Le Sfoglie di polenta sono ideali per creare sfiziosi [&hellip;]<\/p>\n","protected":false},"author":1,"featured_media":0,"parent":0,"menu_order":0,"comment_status":"closed","ping_status":"closed","template":"","meta":{"footnotes":""},"class_list":["post-1234","page","type-page","status-publish","hentry"],"acf":[],"_links":{"self":[{"href":"https:\/\/www.sfoglie.ch\/de\/wp-json\/wp\/v2\/pages\/1234","targetHints":{"allow":["GET"]}}],"collection":[{"href":"https:\/\/www.sfoglie.ch\/de\/wp-json\/wp\/v2\/pages"}],"about":[{"href":"https:\/\/www.sfoglie.ch\/de\/wp-json\/wp\/v2\/types\/page"}],"author":[{"embeddable":true,"href":"https:\/\/www.sfoglie.ch\/de\/wp-json\/wp\/v2\/users\/1"}],"replies":[{"embeddable":true,"href":"https:\/\/www.sfoglie.ch\/de\/wp-json\/wp\/v2\/comments?post=1234"}],"version-history":[{"count":9,"href":"https:\/\/www.sfoglie.ch\/de\/wp-json\/wp\/v2\/pages\/1234\/revisions"}],"predecessor-version":[{"id":1882,"href":"https:\/\/www.sfoglie.ch\/de\/wp-json\/wp\/v2\/pages\/1234\/revisions\/1882"}],"wp:attachment":[{"href":"https:\/\/www.sfoglie.ch\/de\/wp-json\/wp\/v2\/media?parent=1234"}],"curies":[{"name":"wp","href":"https:\/\/api.w.org\/{rel}","templated":true}]}}