{"id":1171,"date":"2021-04-03T20:44:43","date_gmt":"2021-04-03T18:44:43","guid":{"rendered":"https:\/\/www.sfoglie.ch\/ricette\/"},"modified":"2021-07-02T14:17:09","modified_gmt":"2021-07-02T12:17:09","slug":"ricette","status":"publish","type":"page","link":"https:\/\/www.sfoglie.ch\/de\/ricette\/","title":{"rendered":"Rezepte"},"content":{"rendered":"\t\t<div data-elementor-type=\"wp-post\" data-elementor-id=\"1171\" class=\"elementor elementor-1171 elementor-20\">\n\t\t\t\t\t\t\t\t\t<section class=\"elementor-section elementor-top-section elementor-element elementor-element-07c79be elementor-section-boxed elementor-section-height-default elementor-section-height-default\" data-id=\"07c79be\" data-element_type=\"section\" data-settings=\"{&quot;jet_parallax_layout_list&quot;:[{&quot;jet_parallax_layout_image&quot;:{&quot;url&quot;:&quot;&quot;,&quot;id&quot;:&quot;&quot;,&quot;size&quot;:&quot;&quot;},&quot;_id&quot;:&quot;75a7cd6&quot;,&quot;jet_parallax_layout_image_tablet&quot;:{&quot;url&quot;:&quot;&quot;,&quot;id&quot;:&quot;&quot;,&quot;size&quot;:&quot;&quot;},&quot;jet_parallax_layout_image_mobile&quot;:{&quot;url&quot;:&quot;&quot;,&quot;id&quot;:&quot;&quot;,&quot;size&quot;:&quot;&quot;},&quot;jet_parallax_layout_speed&quot;:{&quot;unit&quot;:&quot;%&quot;,&quot;size&quot;:50,&quot;sizes&quot;:[]},&quot;jet_parallax_layout_type&quot;:&quot;scroll&quot;,&quot;jet_parallax_layout_direction&quot;:null,&quot;jet_parallax_layout_fx_direction&quot;:null,&quot;jet_parallax_layout_z_index&quot;:&quot;&quot;,&quot;jet_parallax_layout_bg_x&quot;:50,&quot;jet_parallax_layout_bg_x_tablet&quot;:&quot;&quot;,&quot;jet_parallax_layout_bg_x_mobile&quot;:&quot;&quot;,&quot;jet_parallax_layout_bg_y&quot;:50,&quot;jet_parallax_layout_bg_y_tablet&quot;:&quot;&quot;,&quot;jet_parallax_layout_bg_y_mobile&quot;:&quot;&quot;,&quot;jet_parallax_layout_bg_size&quot;:&quot;auto&quot;,&quot;jet_parallax_layout_bg_size_tablet&quot;:&quot;&quot;,&quot;jet_parallax_layout_bg_size_mobile&quot;:&quot;&quot;,&quot;jet_parallax_layout_animation_prop&quot;:&quot;transform&quot;,&quot;jet_parallax_layout_on&quot;:[&quot;desktop&quot;,&quot;tablet&quot;]}]}\">\n\t\t\t\t\t\t<div class=\"elementor-container elementor-column-gap-default\">\n\t\t\t\t\t<div class=\"elementor-column elementor-col-100 elementor-top-column elementor-element elementor-element-e5d7845\" data-id=\"e5d7845\" data-element_type=\"column\">\n\t\t\t<div class=\"elementor-widget-wrap elementor-element-populated\">\n\t\t\t\t\t\t\t\t<div class=\"elementor-element elementor-element-6f5ef06 elementor-widget elementor-widget-raven-posts\" data-id=\"6f5ef06\" data-element_type=\"widget\" data-settings=\"{&quot;classic_columns&quot;:&quot;2&quot;,&quot;query_posts_per_page&quot;:12,&quot;classic_show_pagination&quot;:&quot;yes&quot;,&quot;_skin&quot;:&quot;classic&quot;,&quot;classic_layout&quot;:&quot;grid&quot;,&quot;classic_columns_tablet&quot;:&quot;2&quot;,&quot;classic_columns_mobile&quot;:&quot;1&quot;,&quot;classic_pagination_type&quot;:&quot;page_based&quot;,&quot;query_offset&quot;:0}\" data-widget_type=\"raven-posts.classic\">\n\t\t\t\t<div class=\"elementor-widget-container\">\n\t\t\t\t\t<div class=\"raven-posts raven-grid raven-grid-2 raven-grid-mobile-1 raven-grid-tablet-2\" data-post-id=\"1171\" data-archive-query=\"\">\n\t\t\t\t<div class=\"raven-grid-item raven-post-item post-1280 post type-post status-publish format-standard has-post-thumbnail hentry category-rezepte\">\n\t\t\t<div class=\"raven-post\">\n\t\t\t\t\t\t<div class=\"raven-post-image-wrap\">\n\t\t\t<a class=\"raven-post-image raven-image-fit\" href=\"https:\/\/www.sfoglie.ch\/de\/knaeckig-spezialitaet-des-schweinezuechter\/\"><img loading=\"lazy\" decoding=\"async\" width=\"728\" height=\"477\" src=\"https:\/\/www.sfoglie.ch\/wp-content\/uploads\/2021\/06\/crosticcio001-crop-u14292.jpg\" class=\"attachment-large size-large wp-image-1281\" alt=\"\" srcset=\"https:\/\/www.sfoglie.ch\/wp-content\/uploads\/2021\/06\/crosticcio001-crop-u14292.jpg 728w, https:\/\/www.sfoglie.ch\/wp-content\/uploads\/2021\/06\/crosticcio001-crop-u14292-300x197.jpg 300w, https:\/\/www.sfoglie.ch\/wp-content\/uploads\/2021\/06\/crosticcio001-crop-u14292-600x393.jpg 600w\" sizes=\"auto, (max-width: 728px) 100vw, 728px\" \/> <span class=\"raven-post-image-overlay\"><\/span><\/a>\t\t<\/div>\n\t\t\t\t\t\t<div class=\"raven-post-content\">\n\t\t\t\t\t<h2 class=\"raven-post-title\"><a class=\"raven-post-title-link\" href=\"https:\/\/www.sfoglie.ch\/de\/knaeckig-spezialitaet-des-schweinezuechter\/\">Kn\u00e4ckig Spezialit\u00e4t des Schweinez\u00fcchter<\/a><\/h2>\t\t<div class=\"raven-post-meta\"><a class=\"raven-post-meta-item raven-post-date\" href=\"https:\/\/www.sfoglie.ch\/de\/2021\/06\/\" rel=\"bookmark\">10.06.2021<\/a>\n<span class=\"raven-post-meta-divider\">\/<\/span>\n<span class=\"raven-post-meta-item raven-post-categories\"><a href=\"https:\/\/www.sfoglie.ch\/de\/kategorie\/rezepte\/\" rel=\"tag\">Rezepte<\/a><\/span><\/div>\n\t\t\t\t<div class=\"raven-post-read-more\">\n\t\t\t<a class=\"raven-post-button\" href=\"https:\/\/www.sfoglie.ch\/de\/knaeckig-spezialitaet-des-schweinezuechter\/\"><span class=\"raven-post-button-text\">Leggi<\/span><\/a>\n\t\t<\/div>\n\t\t\t\t\t\t<\/div>\n\t\t\t<\/div>\n\t\t<\/div>\n\t\t\t\t<div class=\"raven-grid-item raven-post-item post-1284 post type-post status-publish format-standard has-post-thumbnail hentry category-rezepte\">\n\t\t\t<div class=\"raven-post\">\n\t\t\t\t\t\t<div class=\"raven-post-image-wrap\">\n\t\t\t<a class=\"raven-post-image raven-image-fit\" href=\"https:\/\/www.sfoglie.ch\/de\/lamon-bohnensuppe-igp-mit-polenta-chips\/\"><img loading=\"lazy\" decoding=\"async\" width=\"729\" height=\"483\" src=\"https:\/\/www.sfoglie.ch\/wp-content\/uploads\/2021\/06\/pasta-e-fagioli-con-dolomais-crop-u8300-1.jpg\" class=\"attachment-large size-large wp-image-1285\" alt=\"\" srcset=\"https:\/\/www.sfoglie.ch\/wp-content\/uploads\/2021\/06\/pasta-e-fagioli-con-dolomais-crop-u8300-1.jpg 729w, https:\/\/www.sfoglie.ch\/wp-content\/uploads\/2021\/06\/pasta-e-fagioli-con-dolomais-crop-u8300-1-300x199.jpg 300w, https:\/\/www.sfoglie.ch\/wp-content\/uploads\/2021\/06\/pasta-e-fagioli-con-dolomais-crop-u8300-1-600x398.jpg 600w\" sizes=\"auto, (max-width: 729px) 100vw, 729px\" \/> <span class=\"raven-post-image-overlay\"><\/span><\/a>\t\t<\/div>\n\t\t\t\t\t\t<div class=\"raven-post-content\">\n\t\t\t\t\t<h2 class=\"raven-post-title\"><a class=\"raven-post-title-link\" href=\"https:\/\/www.sfoglie.ch\/de\/lamon-bohnensuppe-igp-mit-polenta-chips\/\">Lamon Bohnensuppe IGP mit Polenta Chips<\/a><\/h2>\t\t<div class=\"raven-post-meta\"><a class=\"raven-post-meta-item raven-post-date\" href=\"https:\/\/www.sfoglie.ch\/de\/2021\/06\/\" rel=\"bookmark\">10.06.2021<\/a>\n<span class=\"raven-post-meta-divider\">\/<\/span>\n<span class=\"raven-post-meta-item raven-post-categories\"><a href=\"https:\/\/www.sfoglie.ch\/de\/kategorie\/rezepte\/\" rel=\"tag\">Rezepte<\/a><\/span><\/div>\n\t\t\t\t<div class=\"raven-post-read-more\">\n\t\t\t<a class=\"raven-post-button\" href=\"https:\/\/www.sfoglie.ch\/de\/lamon-bohnensuppe-igp-mit-polenta-chips\/\"><span class=\"raven-post-button-text\">Leggi<\/span><\/a>\n\t\t<\/div>\n\t\t\t\t\t\t<\/div>\n\t\t\t<\/div>\n\t\t<\/div>\n\t\t\t\t<div class=\"raven-grid-item raven-post-item post-1288 post type-post status-publish format-standard has-post-thumbnail hentry category-rezepte\">\n\t\t\t<div class=\"raven-post\">\n\t\t\t\t\t\t<div class=\"raven-post-image-wrap\">\n\t\t\t<a class=\"raven-post-image raven-image-fit\" href=\"https:\/\/www.sfoglie.ch\/de\/erbsencreme-mit-speck-und-polenta-chips\/\"><img loading=\"lazy\" decoding=\"async\" width=\"729\" height=\"439\" src=\"https:\/\/www.sfoglie.ch\/wp-content\/uploads\/2021\/06\/crema-di-piselli-con-speck-e-dolomais-crop-u14226.jpg\" class=\"attachment-large size-large wp-image-1289\" alt=\"\" srcset=\"https:\/\/www.sfoglie.ch\/wp-content\/uploads\/2021\/06\/crema-di-piselli-con-speck-e-dolomais-crop-u14226.jpg 729w, https:\/\/www.sfoglie.ch\/wp-content\/uploads\/2021\/06\/crema-di-piselli-con-speck-e-dolomais-crop-u14226-300x181.jpg 300w, https:\/\/www.sfoglie.ch\/wp-content\/uploads\/2021\/06\/crema-di-piselli-con-speck-e-dolomais-crop-u14226-600x361.jpg 600w\" sizes=\"auto, (max-width: 729px) 100vw, 729px\" \/> <span class=\"raven-post-image-overlay\"><\/span><\/a>\t\t<\/div>\n\t\t\t\t\t\t<div class=\"raven-post-content\">\n\t\t\t\t\t<h2 class=\"raven-post-title\"><a class=\"raven-post-title-link\" href=\"https:\/\/www.sfoglie.ch\/de\/erbsencreme-mit-speck-und-polenta-chips\/\">Erbsencreme mit Speck und Polenta Chips<\/a><\/h2>\t\t<div class=\"raven-post-meta\"><a class=\"raven-post-meta-item raven-post-date\" href=\"https:\/\/www.sfoglie.ch\/de\/2021\/06\/\" rel=\"bookmark\">10.06.2021<\/a>\n<span class=\"raven-post-meta-divider\">\/<\/span>\n<span class=\"raven-post-meta-item raven-post-categories\"><a href=\"https:\/\/www.sfoglie.ch\/de\/kategorie\/rezepte\/\" rel=\"tag\">Rezepte<\/a><\/span><\/div>\n\t\t\t\t<div class=\"raven-post-read-more\">\n\t\t\t<a class=\"raven-post-button\" href=\"https:\/\/www.sfoglie.ch\/de\/erbsencreme-mit-speck-und-polenta-chips\/\"><span class=\"raven-post-button-text\">Leggi<\/span><\/a>\n\t\t<\/div>\n\t\t\t\t\t\t<\/div>\n\t\t\t<\/div>\n\t\t<\/div>\n\t\t\t\t<div class=\"raven-grid-item raven-post-item post-1276 post type-post status-publish format-standard has-post-thumbnail hentry category-rezepte\">\n\t\t\t<div class=\"raven-post\">\n\t\t\t\t\t\t<div class=\"raven-post-image-wrap\">\n\t\t\t<a class=\"raven-post-image raven-image-fit\" href=\"https:\/\/www.sfoglie.ch\/de\/zigher-in-einer-kruste-aus-polenta-chips\/\"><img loading=\"lazy\" decoding=\"async\" width=\"729\" height=\"493\" src=\"https:\/\/www.sfoglie.ch\/wp-content\/uploads\/2021\/06\/zigher-in-crosta-di-dolomais-crop-u8322-1.jpg\" class=\"attachment-large size-large wp-image-1277\" alt=\"\" srcset=\"https:\/\/www.sfoglie.ch\/wp-content\/uploads\/2021\/06\/zigher-in-crosta-di-dolomais-crop-u8322-1.jpg 729w, https:\/\/www.sfoglie.ch\/wp-content\/uploads\/2021\/06\/zigher-in-crosta-di-dolomais-crop-u8322-1-300x203.jpg 300w, https:\/\/www.sfoglie.ch\/wp-content\/uploads\/2021\/06\/zigher-in-crosta-di-dolomais-crop-u8322-1-600x406.jpg 600w\" sizes=\"auto, (max-width: 729px) 100vw, 729px\" \/> <span class=\"raven-post-image-overlay\"><\/span><\/a>\t\t<\/div>\n\t\t\t\t\t\t<div class=\"raven-post-content\">\n\t\t\t\t\t<h2 class=\"raven-post-title\"><a class=\"raven-post-title-link\" href=\"https:\/\/www.sfoglie.ch\/de\/zigher-in-einer-kruste-aus-polenta-chips\/\">Zigher in einer Kruste aus Polenta Chips<\/a><\/h2>\t\t<div class=\"raven-post-meta\"><a class=\"raven-post-meta-item raven-post-date\" href=\"https:\/\/www.sfoglie.ch\/de\/2021\/06\/\" rel=\"bookmark\">10.06.2021<\/a>\n<span class=\"raven-post-meta-divider\">\/<\/span>\n<span class=\"raven-post-meta-item raven-post-categories\"><a href=\"https:\/\/www.sfoglie.ch\/de\/kategorie\/rezepte\/\" rel=\"tag\">Rezepte<\/a><\/span><\/div>\n\t\t\t\t<div class=\"raven-post-read-more\">\n\t\t\t<a class=\"raven-post-button\" href=\"https:\/\/www.sfoglie.ch\/de\/zigher-in-einer-kruste-aus-polenta-chips\/\"><span class=\"raven-post-button-text\">Leggi<\/span><\/a>\n\t\t<\/div>\n\t\t\t\t\t\t<\/div>\n\t\t\t<\/div>\n\t\t<\/div>\n\t\t\t\t<\/div>\n\t\t\t\t<\/div>\n\t\t\t\t<\/div>\n\t\t\t\t\t<\/div>\n\t\t<\/div>\n\t\t\t\t\t\t\t<\/div>\n\t\t<\/section>\n\t\t\t\t\t\t\t<\/div>\n\t\t","protected":false},"excerpt":{"rendered":"<p>Crosticcio del Porzhel\u00e8r 10.06.2021 \/ Ricette Leggi Zigher in crosta di Sfoglie di Polenta 10.06.2021 \/ Ricette Leggi Crema di piselli con Speck e Sfoglie di Polenta 10.06.2021 \/ Ricette Leggi Minestra di Fagioli di Lamon IGP con Sfoglie di Polenta 10.06.2021 \/ Ricette Leggi<\/p>\n","protected":false},"author":1,"featured_media":0,"parent":0,"menu_order":0,"comment_status":"closed","ping_status":"closed","template":"elementor_header_footer","meta":{"footnotes":""},"class_list":["post-1171","page","type-page","status-publish","hentry"],"acf":[],"_links":{"self":[{"href":"https:\/\/www.sfoglie.ch\/de\/wp-json\/wp\/v2\/pages\/1171","targetHints":{"allow":["GET"]}}],"collection":[{"href":"https:\/\/www.sfoglie.ch\/de\/wp-json\/wp\/v2\/pages"}],"about":[{"href":"https:\/\/www.sfoglie.ch\/de\/wp-json\/wp\/v2\/types\/page"}],"author":[{"embeddable":true,"href":"https:\/\/www.sfoglie.ch\/de\/wp-json\/wp\/v2\/users\/1"}],"replies":[{"embeddable":true,"href":"https:\/\/www.sfoglie.ch\/de\/wp-json\/wp\/v2\/comments?post=1171"}],"version-history":[{"count":2,"href":"https:\/\/www.sfoglie.ch\/de\/wp-json\/wp\/v2\/pages\/1171\/revisions"}],"predecessor-version":[{"id":1480,"href":"https:\/\/www.sfoglie.ch\/de\/wp-json\/wp\/v2\/pages\/1171\/revisions\/1480"}],"wp:attachment":[{"href":"https:\/\/www.sfoglie.ch\/de\/wp-json\/wp\/v2\/media?parent=1171"}],"curies":[{"name":"wp","href":"https:\/\/api.w.org\/{rel}","templated":true}]}}